{"id":1491,"date":"2023-09-24T13:13:30","date_gmt":"2023-09-24T13:13:30","guid":{"rendered":"https:\/\/covaultpublicidad.com\/?post_type=product&#038;p=1491"},"modified":"2026-04-09T19:48:59","modified_gmt":"2026-04-09T19:48:59","slug":"plan-escala","status":"publish","type":"product","link":"https:\/\/covaultpublicidad.com\/en\/servicio\/plan-escala\/","title":{"rendered":"Plan Escala"},"content":{"rendered":"<p>Sabemos que la identidad corporativa es una parte fundamental de cualquier negocio. Por eso, ofrecemos un plan de branding e identidad corporativa que te ayudar\u00e1 a crear una imagen de marca s\u00f3lida y memorable.<\/p>\n<p>Nuestro equipo de dise\u00f1adores expertos se encargar\u00e1 de crear una identidad corporativa que refleje la personalidad y los valores de tu empresa. Tambi\u00e9n te asesoraremos en la elecci\u00f3n de los elementos de identidad corporativa que mejor se adapten a tus necesidades.<\/p>\n<p>Con nuestro plan de branding e identidad corporativa, podr\u00e1s crear una imagen de marca que te ayude a destacar de la competencia y a conectar con tu p\u00fablico objetivo, tanto en el mundo f\u00edsico como en el digital.<\/p>\n","protected":false},"excerpt":{"rendered":"<p>Disfruta de una identidad corporativa profesional y memorable para tu empresa, con todo lo que necesitas para tener \u00e9xito en el mundo digital.<\/p>\n<p><strong>Nuestro servicio incluye:<\/strong><\/p>\n<ul>\n<li data-sourcepos=\"11:1-11:113\">Dise\u00f1o de logo\u00a0para tu marca, en formato png y jpg, en versiones vertical, horizontal, positivo y negativo.<\/li>\n<li data-sourcepos=\"12:1-12:54\">Archivo editable\u00a0del logo, en formato vectorial.<\/li>\n<li data-sourcepos=\"13:1-13:61\">Tarjetas personalizadas\u00a0para cada miembro de tu equipo.<\/li>\n<li data-sourcepos=\"14:1-14:48\">Hojas membretadas\u00a0para tu correspondencia.<\/li>\n<li data-sourcepos=\"15:1-15:41\">Sobres membretados\u00a0para tus env\u00edos.<\/li>\n<li data-sourcepos=\"16:1-16:52\">Carpetas corporativas\u00a0para tus presentaciones.<\/li>\n<li data-sourcepos=\"17:1-17:88\">Elemento adicional elegido por el cliente\u00a0(uniformes, papeler\u00eda corporativa, etc.)<\/li>\n<li data-sourcepos=\"18:1-18:31\">Uniformes\u00a0para tu equipo.<\/li>\n<li data-sourcepos=\"19:1-19:47\">Packaging\u00a0para tus productos o servicios.<\/li>\n<li data-sourcepos=\"20:1-24:0\">Identidad Para redes sociales, incluyendo:\n<ul data-sourcepos=\"21:5-24:0\">\n<li data-sourcepos=\"21:5-21:71\">Covers para perfiles y portadas de Instagram, YouTube y LinkedIn.<\/li>\n<li data-sourcepos=\"22:5-22:72\">6 portadas personalizadas para categor\u00edas destacadas de Instagram.<\/li>\n<li data-sourcepos=\"23:5-24:0\">5 im\u00e1genes para inicio de campa\u00f1a en redes.<\/li>\n<\/ul>\n<\/li>\n<\/ul>\n","protected":false},"featured_media":1518,"template":"","meta":[],"product_brand":[],"product_cat":[367],"product_tag":[],"class_list":{"0":"post-1491","1":"product","2":"type-product","3":"status-publish","4":"has-post-thumbnail","6":"product_cat-branding","7":"tm-has-options","9":"first","10":"instock","11":"sale","12":"virtual","13":"purchasable","14":"product-type-simple"},"_links":{"self":[{"href":"https:\/\/covaultpublicidad.com\/en\/wp-json\/wp\/v2\/product\/1491","targetHints":{"allow":["GET"]}}],"collection":[{"href":"https:\/\/covaultpublicidad.com\/en\/wp-json\/wp\/v2\/product"}],"about":[{"href":"https:\/\/covaultpublicidad.com\/en\/wp-json\/wp\/v2\/types\/product"}],"wp:featuredmedia":[{"embeddable":true,"href":"https:\/\/covaultpublicidad.com\/en\/wp-json\/wp\/v2\/media\/1518"}],"wp:attachment":[{"href":"https:\/\/covaultpublicidad.com\/en\/wp-json\/wp\/v2\/media?parent=1491"}],"wp:term":[{"taxonomy":"product_brand","embeddable":true,"href":"https:\/\/covaultpublicidad.com\/en\/wp-json\/wp\/v2\/product_brand?post=1491"},{"taxonomy":"product_cat","embeddable":true,"href":"https:\/\/covaultpublicidad.com\/en\/wp-json\/wp\/v2\/product_cat?post=1491"},{"taxonomy":"product_tag","embeddable":true,"href":"https:\/\/covaultpublicidad.com\/en\/wp-json\/wp\/v2\/product_tag?post=1491"}],"curies":[{"name":"wp","href":"https:\/\/api.w.org\/{rel}","templated":true}]}}