{"id":1490,"date":"2023-09-24T13:04:15","date_gmt":"2023-09-24T13:04:15","guid":{"rendered":"https:\/\/covaultpublicidad.com\/?post_type=product&#038;p=1490"},"modified":"2026-04-09T19:48:05","modified_gmt":"2026-04-09T19:48:05","slug":"plan-impulso","status":"publish","type":"product","link":"https:\/\/covaultpublicidad.com\/en\/servicio\/plan-impulso\/","title":{"rendered":"Plan Impulso"},"content":{"rendered":"<p>Sabemos que la identidad corporativa es una parte fundamental de cualquier negocio. Por eso, ofrecemos un plan de branding e identidad corporativa que te ayudar\u00e1 a crear una imagen de marca s\u00f3lida y memorable.<\/p>\n<p>Nuestro equipo de dise\u00f1adores expertos se encargar\u00e1 de crear una identidad corporativa que refleje la personalidad y los valores de tu empresa. Tambi\u00e9n te asesoraremos en la elecci\u00f3n de los elementos de identidad corporativa que mejor se adapten a tus necesidades.<\/p>\n<p>Con nuestro plan de branding e identidad corporativa, podr\u00e1s crear una imagen de marca que te ayude a destacar de la competencia y a conectar con tu p\u00fablico objetivo.<\/p>\n","protected":false},"excerpt":{"rendered":"<p>Una identidad corporativa profesional y memorable para tu empresa.<\/p>\n<p>Con nuestro plan de branding e identidad corporativa, obtendr\u00e1s todos los elementos necesarios para crear una imagen de marca s\u00f3lida y memorable. Adem\u00e1s, podr\u00e1s elegir un elemento adicional para personalizar tu identidad corporativa.<\/p>\n<p><strong>Nuestro servicio incluye:<\/strong><\/p>\n<ul>\n<li style=\"font-weight: 400;\" aria-level=\"1\"><span style=\"font-weight: 400;\">Dise\u00f1o de logo<\/span><\/li>\n<li style=\"font-weight: 400;\" aria-level=\"1\"><span style=\"font-weight: 400;\">Tarjetas personalizadas para cada miembro.<\/span><\/li>\n<li style=\"font-weight: 400;\" aria-level=\"1\"><span style=\"font-weight: 400;\">Hojas membretadas\u00a0<\/span><\/li>\n<li style=\"font-weight: 400;\" aria-level=\"1\"><span style=\"font-weight: 400;\">Sobre membretados<\/span><\/li>\n<li style=\"font-weight: 400;\" aria-level=\"1\"><span style=\"font-weight: 400;\">Carpetas corporativas<\/span><\/li>\n<li style=\"font-weight: 400;\" aria-level=\"1\"><span style=\"font-weight: 400;\">Plus elemento elegido por el cliente.<\/span><\/li>\n<li style=\"font-weight: 400;\" aria-level=\"1\"><span style=\"font-weight: 400;\">Uniformes (plus)<\/span><\/li>\n<\/ul>\n","protected":false},"featured_media":1516,"template":"","meta":[],"product_brand":[],"product_cat":[367],"product_tag":[],"class_list":{"0":"post-1490","1":"product","2":"type-product","3":"status-publish","4":"has-post-thumbnail","6":"product_cat-branding","7":"tm-has-options","9":"first","10":"instock","11":"sale","12":"virtual","13":"purchasable","14":"product-type-simple"},"_links":{"self":[{"href":"https:\/\/covaultpublicidad.com\/en\/wp-json\/wp\/v2\/product\/1490","targetHints":{"allow":["GET"]}}],"collection":[{"href":"https:\/\/covaultpublicidad.com\/en\/wp-json\/wp\/v2\/product"}],"about":[{"href":"https:\/\/covaultpublicidad.com\/en\/wp-json\/wp\/v2\/types\/product"}],"wp:featuredmedia":[{"embeddable":true,"href":"https:\/\/covaultpublicidad.com\/en\/wp-json\/wp\/v2\/media\/1516"}],"wp:attachment":[{"href":"https:\/\/covaultpublicidad.com\/en\/wp-json\/wp\/v2\/media?parent=1490"}],"wp:term":[{"taxonomy":"product_brand","embeddable":true,"href":"https:\/\/covaultpublicidad.com\/en\/wp-json\/wp\/v2\/product_brand?post=1490"},{"taxonomy":"product_cat","embeddable":true,"href":"https:\/\/covaultpublicidad.com\/en\/wp-json\/wp\/v2\/product_cat?post=1490"},{"taxonomy":"product_tag","embeddable":true,"href":"https:\/\/covaultpublicidad.com\/en\/wp-json\/wp\/v2\/product_tag?post=1490"}],"curies":[{"name":"wp","href":"https:\/\/api.w.org\/{rel}","templated":true}]}}