{"id":1485,"date":"2023-09-22T22:22:30","date_gmt":"2023-09-22T22:22:30","guid":{"rendered":"https:\/\/covaultpublicidad.com\/?post_type=product&#038;p=1485"},"modified":"2025-08-17T18:54:02","modified_gmt":"2025-08-17T18:54:02","slug":"diseno-web","status":"publish","type":"product","link":"https:\/\/covaultpublicidad.com\/en\/servicio\/diseno-web\/","title":{"rendered":"Dise\u00f1o Web"},"content":{"rendered":"<p>En Covault Group, sabemos que un sitio web es una herramienta esencial para cualquier negocio. Por eso, ofrecemos un servicio de dise\u00f1o web que te permite tener una imagen preliminar de tu sitio antes de iniciar el proyecto.<\/p>\n<p>Este servicio incluye una reuni\u00f3n con nuestros dise\u00f1adores para discutir tus necesidades y objetivos. En base a esta informaci\u00f3n, crearemos un dise\u00f1o preliminar de tu sitio web. Este dise\u00f1o te permitir\u00e1 ver c\u00f3mo se ver\u00e1 tu sitio y realizar los ajustes necesarios antes de comenzar el desarrollo.<\/p>\n<p>Al tener una imagen preliminar de tu sitio web, podr\u00e1s ahorrar tiempo y dinero. Esto se debe a que no tendr\u00e1s que realizar cambios importantes en el desarrollo, lo que puede retrasar el proyecto y aumentar los costos.<\/p>\n<p>Nuestro servicio de dise\u00f1o web es la mejor manera de asegurarte de que tu sitio web cumpla con tus expectativas. Cont\u00e1ctanos hoy para obtener m\u00e1s informaci\u00f3n.<\/p>\n","protected":false},"excerpt":{"rendered":"<p>Con nuestro servicio de dise\u00f1o web, podr\u00e1s tener una imagen preliminar de tu sitio web antes de iniciar el proyecto. Esto te permitir\u00e1 hacer los ajustes necesarios y ahorrar tiempo y dinero.<\/p>\n","protected":false},"featured_media":1513,"template":"","meta":[],"product_brand":[],"product_cat":[366],"product_tag":[],"class_list":{"0":"post-1485","1":"product","2":"type-product","3":"status-publish","4":"has-post-thumbnail","6":"product_cat-diseno-web","7":"tm-has-options","9":"first","10":"instock","11":"sale","12":"virtual","13":"purchasable","14":"product-type-simple"},"_links":{"self":[{"href":"https:\/\/covaultpublicidad.com\/en\/wp-json\/wp\/v2\/product\/1485","targetHints":{"allow":["GET"]}}],"collection":[{"href":"https:\/\/covaultpublicidad.com\/en\/wp-json\/wp\/v2\/product"}],"about":[{"href":"https:\/\/covaultpublicidad.com\/en\/wp-json\/wp\/v2\/types\/product"}],"wp:featuredmedia":[{"embeddable":true,"href":"https:\/\/covaultpublicidad.com\/en\/wp-json\/wp\/v2\/media\/1513"}],"wp:attachment":[{"href":"https:\/\/covaultpublicidad.com\/en\/wp-json\/wp\/v2\/media?parent=1485"}],"wp:term":[{"taxonomy":"product_brand","embeddable":true,"href":"https:\/\/covaultpublicidad.com\/en\/wp-json\/wp\/v2\/product_brand?post=1485"},{"taxonomy":"product_cat","embeddable":true,"href":"https:\/\/covaultpublicidad.com\/en\/wp-json\/wp\/v2\/product_cat?post=1485"},{"taxonomy":"product_tag","embeddable":true,"href":"https:\/\/covaultpublicidad.com\/en\/wp-json\/wp\/v2\/product_tag?post=1485"}],"curies":[{"name":"wp","href":"https:\/\/api.w.org\/{rel}","templated":true}]}}