{"id":1470,"date":"2023-09-22T16:26:32","date_gmt":"2023-09-22T16:26:32","guid":{"rendered":"https:\/\/covaultpublicidad.com\/?post_type=product&#038;p=1470"},"modified":"2026-04-09T19:54:12","modified_gmt":"2026-04-09T19:54:12","slug":"plan-nova","status":"publish","type":"product","link":"https:\/\/covaultpublicidad.com\/en\/servicio\/plan-nova\/","title":{"rendered":"Plan Nova"},"content":{"rendered":"<p><strong>Nuestro servicio de gesti\u00f3n de redes incluye:<\/strong><\/p>\n<ul>\n<li style=\"font-weight: 400;\" aria-level=\"1\"><span style=\"font-weight: 400;\">An\u00e1lisis Previo.<\/span><\/li>\n<li style=\"font-weight: 400;\" aria-level=\"1\"><span style=\"font-weight: 400;\">Parrilla de Publicaciones mensual.<\/span><\/li>\n<li style=\"font-weight: 400;\" aria-level=\"1\"><span style=\"font-weight: 400;\">Dise\u00f1o de Im\u00e1genes par Post.<\/span><\/li>\n<li style=\"font-weight: 400;\" aria-level=\"1\"><span style=\"font-weight: 400;\">Redacci\u00f3n de Captions.<\/span><\/li>\n<li style=\"font-weight: 400;\" aria-level=\"1\"><span style=\"font-weight: 400;\">Estudio de Hashtag.<\/span><\/li>\n<li style=\"font-weight: 400;\" aria-level=\"1\"><span style=\"font-weight: 400;\">Personalizaci\u00f3n del perfil: Mejoras en la descripci\u00f3n, inclusi\u00f3n de medios de contacto.<\/span><\/li>\n<li style=\"font-weight: 400;\" aria-level=\"1\"><span style=\"font-weight: 400;\">\u00a0<\/span><span style=\"font-weight: 400;\">Dise\u00f1o de Portadas para historias destacadas (6 portadas).<\/span><\/li>\n<li style=\"font-weight: 400;\" aria-level=\"1\"><span style=\"font-weight: 400;\">\u00a0<\/span><span style=\"font-weight: 400;\">Gesti\u00f3n de interacci\u00f3n: respuestas a comentarios y mensajes directos, basados en la informaci\u00f3n suministrada por el cliente.<\/span><\/li>\n<li style=\"font-weight: 400;\" aria-level=\"1\"><span style=\"font-weight: 400;\">Incremento de seguidores de forma org\u00e1nica con un promedio de 1000 mensual.<\/span><\/li>\n<\/ul>\n","protected":false},"excerpt":{"rendered":"<ul>\n<li style=\"font-weight: 400;\" aria-level=\"1\"><span style=\"font-weight: 400;\">20 publicaciones mensuales post de Instagram \u2013 sincronizados con Facebook<\/span><\/li>\n<li style=\"font-weight: 400;\" aria-level=\"1\"><span style=\"font-weight: 400;\">Distribuidas de la siguiente forma:\u00a0<\/span>\n<ul>\n<li style=\"font-weight: 400;\" aria-level=\"2\"><span style=\"font-weight: 400;\">4 Reels Mensuales (1 reels semanal)\u00a0<\/span><\/li>\n<li style=\"font-weight: 400;\" aria-level=\"2\"><span style=\"font-weight: 400;\">12 post Est\u00e1ndar<\/span><\/li>\n<li style=\"font-weight: 400;\" aria-level=\"2\"><span style=\"font-weight: 400;\">4 carruseles (1 carrusel semanal)<\/span><\/li>\n<\/ul>\n<\/li>\n<li style=\"font-weight: 400;\" aria-level=\"1\"><span style=\"font-weight: 400;\">20 publicaciones mensuales (historias), adaptaci\u00f3n de contenido del feed\u00a0<\/span><\/li>\n<li style=\"font-weight: 400;\" aria-level=\"1\"><span style=\"font-weight: 400;\">Gesti\u00f3n de interacci\u00f3n (mensajes y comentarios)\u00a0<\/span><\/li>\n<li style=\"font-weight: 400;\" aria-level=\"1\"><span style=\"font-weight: 400;\">Publicaciones en un idioma (Espa\u00f1ol)<\/span><\/li>\n<li style=\"font-weight: 400;\" aria-level=\"1\"><span style=\"font-weight: 400;\">Actualizaci\u00f3n de iconos de historias destacadas (highlights)\u00a0<\/span><\/li>\n<li style=\"font-weight: 400;\" aria-level=\"1\"><span style=\"font-weight: 400;\">Creaci\u00f3n y gesti\u00f3n de pautas publicitarias en Instagram y Facebook\u00a0<\/span><\/li>\n<li style=\"font-weight: 400;\" aria-level=\"1\"><span style=\"font-weight: 400;\">Presupuesto de pauta publicitaria (Ads)<strong> No incluido<\/strong><\/span><\/li>\n<li style=\"font-weight: 400;\" aria-level=\"1\"><span style=\"font-weight: 400;\">Captaci\u00f3n de nuevos seguidores <\/span><b>org\u00e1nicos<\/b><\/li>\n<li style=\"font-weight: 400;\" aria-level=\"1\"><span style=\"font-weight: 400;\">Segmentaci\u00f3n de audiencia\u00a0<\/span><\/li>\n<\/ul>\n","protected":false},"featured_media":1506,"template":"","meta":[],"product_brand":[],"product_cat":[368],"product_tag":[],"class_list":{"0":"post-1470","1":"product","2":"type-product","3":"status-publish","4":"has-post-thumbnail","6":"product_cat-social-media","7":"tm-has-options","9":"first","10":"instock","11":"sale","12":"virtual","13":"purchasable","14":"product-type-simple"},"_links":{"self":[{"href":"https:\/\/covaultpublicidad.com\/en\/wp-json\/wp\/v2\/product\/1470","targetHints":{"allow":["GET"]}}],"collection":[{"href":"https:\/\/covaultpublicidad.com\/en\/wp-json\/wp\/v2\/product"}],"about":[{"href":"https:\/\/covaultpublicidad.com\/en\/wp-json\/wp\/v2\/types\/product"}],"wp:featuredmedia":[{"embeddable":true,"href":"https:\/\/covaultpublicidad.com\/en\/wp-json\/wp\/v2\/media\/1506"}],"wp:attachment":[{"href":"https:\/\/covaultpublicidad.com\/en\/wp-json\/wp\/v2\/media?parent=1470"}],"wp:term":[{"taxonomy":"product_brand","embeddable":true,"href":"https:\/\/covaultpublicidad.com\/en\/wp-json\/wp\/v2\/product_brand?post=1470"},{"taxonomy":"product_cat","embeddable":true,"href":"https:\/\/covaultpublicidad.com\/en\/wp-json\/wp\/v2\/product_cat?post=1470"},{"taxonomy":"product_tag","embeddable":true,"href":"https:\/\/covaultpublicidad.com\/en\/wp-json\/wp\/v2\/product_tag?post=1470"}],"curies":[{"name":"wp","href":"https:\/\/api.w.org\/{rel}","templated":true}]}}